{"id":1266,"date":"2025-03-18T14:59:10","date_gmt":"2025-03-18T14:59:10","guid":{"rendered":"https:\/\/projectcad.cl\/?page_id=1266"},"modified":"2025-03-20T11:37:37","modified_gmt":"2025-03-20T11:37:37","slug":"servicios","status":"publish","type":"page","link":"https:\/\/projectcad.cl\/index.php\/servicios\/","title":{"rendered":"Servicios"},"content":{"rendered":"\t\t<div data-elementor-type=\"wp-page\" data-elementor-id=\"1266\" class=\"elementor elementor-1266\">\n\t\t\t\t<div class=\"elementor-element elementor-element-07107d0 e-flex e-con-boxed wpr-particle-no wpr-jarallax-no wpr-parallax-no wpr-sticky-section-no e-con e-parent\" data-id=\"07107d0\" data-element_type=\"container\">\n\t\t\t\t\t<div class=\"e-con-inner\">\n\t\t\t\t<div class=\"elementor-element elementor-element-bf432e4 elementor-widget elementor-widget-heading\" data-id=\"bf432e4\" data-element_type=\"widget\" data-widget_type=\"heading.default\">\n\t\t\t\t<div class=\"elementor-widget-container\">\n\t\t\t\t\t<h2 class=\"elementor-heading-title elementor-size-default\">Servicios<\/h2>\t\t\t\t<\/div>\n\t\t\t\t<\/div>\n\t\t\t\t<div class=\"elementor-element elementor-element-dbd00bc elementor-widget__width-inherit wpr-list-style-none elementor-widget elementor-widget-wpr-posts-timeline\" data-id=\"dbd00bc\" data-element_type=\"widget\" data-settings=\"{&quot;animation_offset&quot;:150,&quot;aos_animation_duration&quot;:600}\" data-widget_type=\"wpr-posts-timeline.default\">\n\t\t\t\t<div class=\"elementor-widget-container\">\n\t\t\t\t\t\n\t\t<div class=\"wpr-wrapper wpr-vertical wpr-centered\">\n\t\t\t<div class=\"wpr-timeline-centered wpr-line wpr-both-sided-timeline\"><div class=\"wpr-middle-line\"><\/div><div class=\"wpr-timeline-fill\" data-layout=\"centered\"><\/div><article class=\"wpr-timeline-entry wpr-left-aligned elementor-repeater-item-0fffc97\" data-item-id=\"elementor-repeater-item-0fffc97\"><time class=\"wpr-extra-label\" data-aos=\"fade\" data-aos-left=\"\" data-aos-right=\"\" data-animation-offset=\"150\" data-animation-duration=\"600\"><span class=\"wpr-label\">Se\u00f1al\u00e9ticas y  Letreros industriales en Calama<\/span><\/time><div class=\"wpr-timeline-entry-inner\"><div class=\"wpr-main-line-icon wpr-icon\"><svg aria-hidden=\"true\" class=\"e-font-icon-svg e-fas-sign\" viewBox=\"0 0 512 512\" xmlns=\"http:\/\/www.w3.org\/2000\/svg\"><path d=\"M496 64H128V16c0-8.8-7.2-16-16-16H80c-8.8 0-16 7.2-16 16v48H16C7.2 64 0 71.2 0 80v32c0 8.8 7.2 16 16 16h48v368c0 8.8 7.2 16 16 16h32c8.8 0 16-7.2 16-16V128h368c8.8 0 16-7.2 16-16V80c0-8.8-7.2-16-16-16zM160 384h320V160H160v224z\"><\/path><\/svg><\/div><div class=\"wpr-story-info-vertical wpr-data-wrap \"  data-aos=\"fade\" data-aos-left=\"\" data-aos-right=\"\" data-animation-offset=\"150\" data-animation-duration=\"600\"><div class=\"wpr-animation-wrap wpr-timeline-media\"><img fetchpriority=\"high\" decoding=\"async\" width=\"640\" height=\"480\" src=\"https:\/\/projectcad.cl\/wp-content\/uploads\/2025\/03\/IMG_1425.jpg\" class=\"attachment-full size-full\" alt=\"\" srcset=\"https:\/\/projectcad.cl\/wp-content\/uploads\/2025\/03\/IMG_1425.jpg 640w, https:\/\/projectcad.cl\/wp-content\/uploads\/2025\/03\/IMG_1425-300x225.jpg 300w\" sizes=\"(max-width: 640px) 100vw, 640px\" \/><\/div><div class=\"wpr-timeline-content-wrapper\"><div class=\"wpr-content-wrapper\"><p class=\"wpr-title-wrap\"><span class=\"wpr-title\">Se\u00f1al\u00e9ticas y  Letreros industriales en Calama<\/span><\/p><div class=\"wpr-description\"><p>Se\u00f1ales de seguridad bajo normas Neo, Nec y Nel de Codelco. Fabricadas en planchas met\u00e1licas de 1,0, 1,5 y 2 mm. Aplicaci\u00f3n gr\u00e1fica con materiales reflectivos scotchlite 3M grado Ingenier\u00eda y adhesivos de vinilo opacos con certificaci\u00f3n iso 9001.<\/p><p>Hacemos todo tipo de letreros en Calama.<\/p><\/div><\/div><\/div><\/div>\n\t\t\t\t\t\t<\/div>\n\t\t\t\t<\/article><article class=\"wpr-timeline-entry wpr-right-aligned elementor-repeater-item-a28f92e\" data-item-id=\"elementor-repeater-item-a28f92e\"><time class=\"wpr-extra-label\" data-aos=\"fade\" data-aos-left=\"\" data-aos-right=\"\" data-animation-offset=\"150\" data-animation-duration=\"600\"><span class=\"wpr-label\">Impresiones en Grandes Formatos en Calama<\/span><\/time><div class=\"wpr-timeline-entry-inner\"><div class=\"wpr-main-line-icon wpr-icon\"><svg aria-hidden=\"true\" class=\"e-font-icon-svg e-fas-scroll\" viewBox=\"0 0 640 512\" xmlns=\"http:\/\/www.w3.org\/2000\/svg\"><path d=\"M48 0C21.53 0 0 21.53 0 48v64c0 8.84 7.16 16 16 16h80V48C96 21.53 74.47 0 48 0zm208 412.57V352h288V96c0-52.94-43.06-96-96-96H111.59C121.74 13.41 128 29.92 128 48v368c0 38.87 34.65 69.65 74.75 63.12C234.22 474 256 444.46 256 412.57zM288 384v32c0 52.93-43.06 96-96 96h336c61.86 0 112-50.14 112-112 0-8.84-7.16-16-16-16H288z\"><\/path><\/svg><\/div><div class=\"wpr-story-info-vertical wpr-data-wrap \"  data-aos=\"fade\" data-aos-left=\"\" data-aos-right=\"\" data-animation-offset=\"150\" data-animation-duration=\"600\"><div class=\"wpr-animation-wrap wpr-timeline-media\"><img decoding=\"async\" width=\"480\" height=\"640\" src=\"https:\/\/projectcad.cl\/wp-content\/uploads\/2025\/03\/IMG_1305-rotated.jpg\" class=\"attachment-full size-full\" alt=\"\" srcset=\"https:\/\/projectcad.cl\/wp-content\/uploads\/2025\/03\/IMG_1305-rotated.jpg 480w, https:\/\/projectcad.cl\/wp-content\/uploads\/2025\/03\/IMG_1305-225x300.jpg 225w\" sizes=\"(max-width: 480px) 100vw, 480px\" \/><\/div><div class=\"wpr-timeline-content-wrapper\"><div class=\"wpr-content-wrapper\"><p class=\"wpr-title-wrap\"><span class=\"wpr-title\">Impresiones en Grandes Formatos en Calama<\/span><\/p><div class=\"wpr-description\"><p>Imprimimos desde pendones, lienzos, cenefas, gigantograf\u00edas, letreros de caja luminosos con tela backlight, adhesivos en gran formato, adhesivos reflectantes, adhesivos micro perforados, adhesivos de alta resistencia entre muchos otros<\/p><p>Adhesivos de logos o series de n\u00fameros troquelados para todo tipo de tama\u00f1o de veh\u00edculos.<br \/>Hacemos todo tipos de impresiones en Calama<\/p><\/div><\/div><\/div><\/div>\n\t\t\t\t\t\t<\/div>\n\t\t\t\t<\/article><article class=\"wpr-timeline-entry wpr-left-aligned elementor-repeater-item-616e459\" data-item-id=\"elementor-repeater-item-616e459\"><time class=\"wpr-extra-label\" data-aos=\"fade\" data-aos-left=\"\" data-aos-right=\"\" data-animation-offset=\"150\" data-animation-duration=\"600\"><span class=\"wpr-label\">Impresiones en Peque\u00f1os Formatos<\/span><\/time><div class=\"wpr-timeline-entry-inner\"><div class=\"wpr-main-line-icon wpr-icon\"><svg aria-hidden=\"true\" class=\"e-font-icon-svg e-fas-print\" viewBox=\"0 0 512 512\" xmlns=\"http:\/\/www.w3.org\/2000\/svg\"><path d=\"M448 192V77.25c0-8.49-3.37-16.62-9.37-22.63L393.37 9.37c-6-6-14.14-9.37-22.63-9.37H96C78.33 0 64 14.33 64 32v160c-35.35 0-64 28.65-64 64v112c0 8.84 7.16 16 16 16h48v96c0 17.67 14.33 32 32 32h320c17.67 0 32-14.33 32-32v-96h48c8.84 0 16-7.16 16-16V256c0-35.35-28.65-64-64-64zm-64 256H128v-96h256v96zm0-224H128V64h192v48c0 8.84 7.16 16 16 16h48v96zm48 72c-13.25 0-24-10.75-24-24 0-13.26 10.75-24 24-24s24 10.74 24 24c0 13.25-10.75 24-24 24z\"><\/path><\/svg><\/div><div class=\"wpr-story-info-vertical wpr-data-wrap \"  data-aos=\"fade\" data-aos-left=\"\" data-aos-right=\"\" data-animation-offset=\"150\" data-animation-duration=\"600\"><div class=\"wpr-animation-wrap wpr-timeline-media\"><img decoding=\"async\" width=\"360\" height=\"640\" src=\"https:\/\/projectcad.cl\/wp-content\/uploads\/2025\/03\/DD769524-42C6-4793-A47A-833CBC0938C7-rotated.jpg\" class=\"attachment-full size-full\" alt=\"\" srcset=\"https:\/\/projectcad.cl\/wp-content\/uploads\/2025\/03\/DD769524-42C6-4793-A47A-833CBC0938C7-rotated.jpg 360w, https:\/\/projectcad.cl\/wp-content\/uploads\/2025\/03\/DD769524-42C6-4793-A47A-833CBC0938C7-169x300.jpg 169w\" sizes=\"(max-width: 360px) 100vw, 360px\" \/><\/div><div class=\"wpr-timeline-content-wrapper\"><div class=\"wpr-content-wrapper\"><p class=\"wpr-title-wrap\"><span class=\"wpr-title\">Impresiones en peque\u00f1os formatos<\/span><\/p><div class=\"wpr-description\"><p>Fotocopias, impresiones offset, l\u00e1ser color, papeler\u00eda, tarjetas de presentaci\u00f3n, flyers, afiches, etiquetas, imantados, adhesivos troquelados, tarjetas de presentaci\u00f3n, tarjetas de todo tipo.<\/p><\/div><\/div><\/div><\/div>\n\t\t\t\t\t\t<\/div>\n\t\t\t\t<\/article><article class=\"wpr-timeline-entry wpr-right-aligned elementor-repeater-item-022deb8\" data-item-id=\"elementor-repeater-item-022deb8\"><time class=\"wpr-extra-label\" data-aos=\"fade\" data-aos-left=\"\" data-aos-right=\"\" data-animation-offset=\"150\" data-animation-duration=\"600\"><span class=\"wpr-label\">Soporte de Gr\u00e1ficas Corporativas<\/span><\/time><div class=\"wpr-timeline-entry-inner\"><div class=\"wpr-main-line-icon wpr-icon\"><svg aria-hidden=\"true\" class=\"e-font-icon-svg e-fas-calendar\" viewBox=\"0 0 448 512\" xmlns=\"http:\/\/www.w3.org\/2000\/svg\"><path d=\"M12 192h424c6.6 0 12 5.4 12 12v260c0 26.5-21.5 48-48 48H48c-26.5 0-48-21.5-48-48V204c0-6.6 5.4-12 12-12zm436-44v-36c0-26.5-21.5-48-48-48h-48V12c0-6.6-5.4-12-12-12h-40c-6.6 0-12 5.4-12 12v52H160V12c0-6.6-5.4-12-12-12h-40c-6.6 0-12 5.4-12 12v52H48C21.5 64 0 85.5 0 112v36c0 6.6 5.4 12 12 12h424c6.6 0 12-5.4 12-12z\"><\/path><\/svg><\/div><div class=\"wpr-story-info-vertical wpr-data-wrap \"  data-aos=\"fade\" data-aos-left=\"\" data-aos-right=\"\" data-animation-offset=\"150\" data-animation-duration=\"600\"><div class=\"wpr-animation-wrap wpr-timeline-media\"><img loading=\"lazy\" decoding=\"async\" width=\"2560\" height=\"1152\" src=\"https:\/\/projectcad.cl\/wp-content\/uploads\/2025\/03\/IMG_20230309_114717-scaled.jpg\" class=\"attachment-full size-full\" alt=\"\" srcset=\"https:\/\/projectcad.cl\/wp-content\/uploads\/2025\/03\/IMG_20230309_114717-scaled.jpg 2560w, https:\/\/projectcad.cl\/wp-content\/uploads\/2025\/03\/IMG_20230309_114717-300x135.jpg 300w, https:\/\/projectcad.cl\/wp-content\/uploads\/2025\/03\/IMG_20230309_114717-1024x461.jpg 1024w, https:\/\/projectcad.cl\/wp-content\/uploads\/2025\/03\/IMG_20230309_114717-768x346.jpg 768w, https:\/\/projectcad.cl\/wp-content\/uploads\/2025\/03\/IMG_20230309_114717-1536x691.jpg 1536w, https:\/\/projectcad.cl\/wp-content\/uploads\/2025\/03\/IMG_20230309_114717-2048x922.jpg 2048w\" sizes=\"(max-width: 2560px) 100vw, 2560px\" \/><\/div><div class=\"wpr-timeline-content-wrapper\"><div class=\"wpr-content-wrapper\"><p class=\"wpr-title-wrap\"><span class=\"wpr-title\">Soporte de Gr\u00e1ficas Corporativas<\/span><\/p><div class=\"wpr-description\"><p>Pendones con Porta pendones telesc\u00f3picos de aluminio con bolsos para su traslado. Lienzos o cenefas con sus respectivos ojetillos.<\/p><\/div><\/div><\/div><\/div>\n\t\t\t\t\t\t<\/div>\n\t\t\t\t<\/article><\/div>    \n\t\t\t<\/div>\t\t\t\t<\/div>\n\t\t\t\t<\/div>\n\t\t\t\t<div class=\"elementor-element elementor-element-83bca34 elementor-widget__width-inherit wpr-list-style-none elementor-widget elementor-widget-wpr-posts-timeline\" data-id=\"83bca34\" data-element_type=\"widget\" data-settings=\"{&quot;animation_offset&quot;:150,&quot;aos_animation_duration&quot;:600}\" data-widget_type=\"wpr-posts-timeline.default\">\n\t\t\t\t<div class=\"elementor-widget-container\">\n\t\t\t\t\t\n\t\t<div class=\"wpr-wrapper wpr-vertical wpr-centered\">\n\t\t\t<div class=\"wpr-timeline-centered wpr-line wpr-both-sided-timeline\"><div class=\"wpr-middle-line\"><\/div><div class=\"wpr-timeline-fill\" data-layout=\"centered\"><\/div><article class=\"wpr-timeline-entry wpr-left-aligned elementor-repeater-item-0fffc97\" data-item-id=\"elementor-repeater-item-0fffc97\"><time class=\"wpr-extra-label\" data-aos=\"fade\" data-aos-left=\"\" data-aos-right=\"\" data-animation-offset=\"150\" data-animation-duration=\"600\"><span class=\"wpr-label\">Imagen corporativa<\/span><\/time><div class=\"wpr-timeline-entry-inner\"><div class=\"wpr-main-line-icon wpr-icon\"><svg aria-hidden=\"true\" class=\"e-font-icon-svg e-fas-pencil-alt\" viewBox=\"0 0 512 512\" xmlns=\"http:\/\/www.w3.org\/2000\/svg\"><path d=\"M497.9 142.1l-46.1 46.1c-4.7 4.7-12.3 4.7-17 0l-111-111c-4.7-4.7-4.7-12.3 0-17l46.1-46.1c18.7-18.7 49.1-18.7 67.9 0l60.1 60.1c18.8 18.7 18.8 49.1 0 67.9zM284.2 99.8L21.6 362.4.4 483.9c-2.9 16.4 11.4 30.6 27.8 27.8l121.5-21.3 262.6-262.6c4.7-4.7 4.7-12.3 0-17l-111-111c-4.8-4.7-12.4-4.7-17.1 0zM124.1 339.9c-5.5-5.5-5.5-14.3 0-19.8l154-154c5.5-5.5 14.3-5.5 19.8 0s5.5 14.3 0 19.8l-154 154c-5.5 5.5-14.3 5.5-19.8 0zM88 424h48v36.3l-64.5 11.3-31.1-31.1L51.7 376H88v48z\"><\/path><\/svg><\/div><div class=\"wpr-story-info-vertical wpr-data-wrap \"  data-aos=\"fade\" data-aos-left=\"\" data-aos-right=\"\" data-animation-offset=\"150\" data-animation-duration=\"600\"><div class=\"wpr-animation-wrap wpr-timeline-media\"><img loading=\"lazy\" decoding=\"async\" width=\"1600\" height=\"1200\" src=\"https:\/\/projectcad.cl\/wp-content\/uploads\/2025\/03\/PHOTO-2023-12-22-12-14-39.jpg\" class=\"attachment-full size-full\" alt=\"\" srcset=\"https:\/\/projectcad.cl\/wp-content\/uploads\/2025\/03\/PHOTO-2023-12-22-12-14-39.jpg 1600w, https:\/\/projectcad.cl\/wp-content\/uploads\/2025\/03\/PHOTO-2023-12-22-12-14-39-300x225.jpg 300w, https:\/\/projectcad.cl\/wp-content\/uploads\/2025\/03\/PHOTO-2023-12-22-12-14-39-1024x768.jpg 1024w, https:\/\/projectcad.cl\/wp-content\/uploads\/2025\/03\/PHOTO-2023-12-22-12-14-39-768x576.jpg 768w, https:\/\/projectcad.cl\/wp-content\/uploads\/2025\/03\/PHOTO-2023-12-22-12-14-39-1536x1152.jpg 1536w\" sizes=\"(max-width: 1600px) 100vw, 1600px\" \/><\/div><div class=\"wpr-timeline-content-wrapper\"><div class=\"wpr-content-wrapper\"><p class=\"wpr-title-wrap\"><span class=\"wpr-title\">Imagen corporativa<\/span><\/p><div class=\"wpr-description\"><p>Servicios de dise\u00f1o para todo tipo de emprendedores, medianas y grandes empresas.<\/p><p>Comenzamos proyectos desde cero o incluso renovamos lo que ya se ha posicionado en el mercado.<\/p><\/div><\/div><\/div><\/div>\n\t\t\t\t\t\t<\/div>\n\t\t\t\t<\/article><article class=\"wpr-timeline-entry wpr-right-aligned elementor-repeater-item-a28f92e\" data-item-id=\"elementor-repeater-item-a28f92e\"><time class=\"wpr-extra-label\" data-aos=\"fade\" data-aos-left=\"\" data-aos-right=\"\" data-animation-offset=\"150\" data-animation-duration=\"600\"><span class=\"wpr-label\">Paneler\u00eda corporativa y todo tipo de estructuras<\/span><\/time><div class=\"wpr-timeline-entry-inner\"><div class=\"wpr-main-line-icon wpr-icon\"><svg aria-hidden=\"true\" class=\"e-font-icon-svg e-fas-hammer\" viewBox=\"0 0 576 512\" xmlns=\"http:\/\/www.w3.org\/2000\/svg\"><path d=\"M571.31 193.94l-22.63-22.63c-6.25-6.25-16.38-6.25-22.63 0l-11.31 11.31-28.9-28.9c5.63-21.31.36-44.9-16.35-61.61l-45.25-45.25c-62.48-62.48-163.79-62.48-226.28 0l90.51 45.25v18.75c0 16.97 6.74 33.25 18.75 45.25l49.14 49.14c16.71 16.71 40.3 21.98 61.61 16.35l28.9 28.9-11.31 11.31c-6.25 6.25-6.25 16.38 0 22.63l22.63 22.63c6.25 6.25 16.38 6.25 22.63 0l90.51-90.51c6.23-6.24 6.23-16.37-.02-22.62zm-286.72-15.2c-3.7-3.7-6.84-7.79-9.85-11.95L19.64 404.96c-25.57 23.88-26.26 64.19-1.53 88.93s65.05 24.05 88.93-1.53l238.13-255.07c-3.96-2.91-7.9-5.87-11.44-9.41l-49.14-49.14z\"><\/path><\/svg><\/div><div class=\"wpr-story-info-vertical wpr-data-wrap \"  data-aos=\"fade\" data-aos-left=\"\" data-aos-right=\"\" data-animation-offset=\"150\" data-animation-duration=\"600\"><div class=\"wpr-animation-wrap wpr-timeline-media\"><img loading=\"lazy\" decoding=\"async\" width=\"640\" height=\"480\" src=\"https:\/\/projectcad.cl\/wp-content\/uploads\/2025\/03\/IMG_2228.jpg\" class=\"attachment-full size-full\" alt=\"\" srcset=\"https:\/\/projectcad.cl\/wp-content\/uploads\/2025\/03\/IMG_2228.jpg 640w, https:\/\/projectcad.cl\/wp-content\/uploads\/2025\/03\/IMG_2228-300x225.jpg 300w\" sizes=\"(max-width: 640px) 100vw, 640px\" \/><\/div><div class=\"wpr-timeline-content-wrapper\"><div class=\"wpr-content-wrapper\"><p class=\"wpr-title-wrap\"><span class=\"wpr-title\">Paneler\u00eda corporativa y todo tipo de estructuras<\/span><\/p><div class=\"wpr-description\"><p>Creaci\u00f3n de stand personalizados para empresas, ferias, eventos,<br \/>exposiciones y ornamentaci\u00f3n de eventos. <br \/>Se hacen estructuras met\u00e1licas para publicidad Letreros camineros,<br \/>se\u00f1ales corporativas, totem, etc).<\/p><\/div><\/div><\/div><\/div>\n\t\t\t\t\t\t<\/div>\n\t\t\t\t<\/article><\/div>    \n\t\t\t<\/div>\t\t\t\t<\/div>\n\t\t\t\t<\/div>\n\t\t\t\t\t<\/div>\n\t\t\t\t<\/div>\n\t\t<div class=\"elementor-element elementor-element-6cb49a0 e-flex e-con-boxed wpr-particle-no wpr-jarallax-no wpr-parallax-no wpr-sticky-section-no e-con e-parent\" data-id=\"6cb49a0\" data-element_type=\"container\">\n\t\t\t\t\t<div class=\"e-con-inner\">\n\t\t\t\t\t<\/div>\n\t\t\t\t<\/div>\n\t\t\t\t<\/div>\n\t\t","protected":false},"excerpt":{"rendered":"<p>Servicios Se\u00f1al\u00e9ticas y Letreros industriales en Calama Se\u00f1al\u00e9ticas y Letreros industriales en Calama Se\u00f1ales de seguridad bajo normas Neo, Nec y Nel de Codelco. Fabricadas en planchas met\u00e1licas de 1,0, 1,5 y 2 mm. Aplicaci\u00f3n&hellip;<\/p>\n","protected":false},"author":1,"featured_media":0,"parent":0,"menu_order":0,"comment_status":"closed","ping_status":"closed","template":"template-parts\/template-page-builders.php","meta":{"footnotes":""},"class_list":["post-1266","page","type-page","status-publish","hentry"],"_links":{"self":[{"href":"https:\/\/projectcad.cl\/index.php\/wp-json\/wp\/v2\/pages\/1266","targetHints":{"allow":["GET"]}}],"collection":[{"href":"https:\/\/projectcad.cl\/index.php\/wp-json\/wp\/v2\/pages"}],"about":[{"href":"https:\/\/projectcad.cl\/index.php\/wp-json\/wp\/v2\/types\/page"}],"author":[{"embeddable":true,"href":"https:\/\/projectcad.cl\/index.php\/wp-json\/wp\/v2\/users\/1"}],"replies":[{"embeddable":true,"href":"https:\/\/projectcad.cl\/index.php\/wp-json\/wp\/v2\/comments?post=1266"}],"version-history":[{"count":16,"href":"https:\/\/projectcad.cl\/index.php\/wp-json\/wp\/v2\/pages\/1266\/revisions"}],"predecessor-version":[{"id":1298,"href":"https:\/\/projectcad.cl\/index.php\/wp-json\/wp\/v2\/pages\/1266\/revisions\/1298"}],"wp:attachment":[{"href":"https:\/\/projectcad.cl\/index.php\/wp-json\/wp\/v2\/media?parent=1266"}],"curies":[{"name":"wp","href":"https:\/\/api.w.org\/{rel}","templated":true}]}}